{"id":15960,"date":"2024-07-28T13:08:11","date_gmt":"2024-07-28T11:08:11","guid":{"rendered":"https:\/\/www.oup.es\/oxford-page-turners\/"},"modified":"2024-10-31T15:25:25","modified_gmt":"2024-10-31T13:25:25","slug":"lectura-en-accion","status":"publish","type":"page","link":"https:\/\/www.oup.es\/es\/lectura-en-accion\/","title":{"rendered":"Tu gu\u00eda para crear un club de lectura"},"content":{"rendered":"<p>&nbsp;<\/p>\n<p class=\"text-[1.313rem] mb-4\">\u00bfEste a\u00f1o nuevo tienes como prop\u00f3sito <span class=\"font-bold\">fomentar la lectura en el aula?<\/span> \u00a1Tenemos la soluci\u00f3n! Empieza un <span class=\"font-bold\">club de lectura,<\/span> la manera m\u00e1s f\u00e1cil para motivar a tus estudiantes a leer.<\/p>\n<p class=\"text-[1.313rem] mb-4\">Para empezar, te regalamos <span class=\"font-bold\">un kit de recursos preparados para crear tu propio club,<\/span> con dos versiones para elegir entre lecturas <span class=\"font-bold\">en castellano o en ingl\u00e9s. <\/span><\/p>\n<p class=\"text-[1.313rem] mb-4\"><span class=\"font-bold\">Completa tus detalles abajo<\/span> y te mandaremos un documento con preguntas para debatir sobre libros, un p\u00f3ster para tu centro, hojas de rese\u00f1a de libro y una tabla de progreso para los miembros del club.<\/p>\n<h2 class=\"text-[2.625rem] font-bold mt-12 mb-8\">\u00a1A leer se ha dicho!<\/h2>\n","protected":false},"excerpt":{"rendered":"<p>&nbsp; \u00bfEste a\u00f1o nuevo tienes como prop\u00f3sito fomentar la lectura en el aula? \u00a1Tenemos la soluci\u00f3n! Empieza un club de lectura, la manera m\u00e1s f\u00e1cil para motivar a tus estudiantes a leer. Para empezar, te regalamos un kit de recursos preparados para crear tu propio club, con dos versiones para elegir entre lecturas en castellano [&hellip;]<\/p>\n","protected":false},"author":1,"featured_media":0,"parent":0,"menu_order":0,"comment_status":"closed","ping_status":"closed","template":"page-oxford-page-turners.php","meta":{"_acf_changed":false,"footnotes":""},"class_list":["post-15960","page","type-page","status-publish","hentry"],"acf":[],"_links":{"self":[{"href":"https:\/\/www.oup.es\/es\/wp-json\/wp\/v2\/pages\/15960","targetHints":{"allow":["GET"]}}],"collection":[{"href":"https:\/\/www.oup.es\/es\/wp-json\/wp\/v2\/pages"}],"about":[{"href":"https:\/\/www.oup.es\/es\/wp-json\/wp\/v2\/types\/page"}],"author":[{"embeddable":true,"href":"https:\/\/www.oup.es\/es\/wp-json\/wp\/v2\/users\/1"}],"replies":[{"embeddable":true,"href":"https:\/\/www.oup.es\/es\/wp-json\/wp\/v2\/comments?post=15960"}],"version-history":[{"count":0,"href":"https:\/\/www.oup.es\/es\/wp-json\/wp\/v2\/pages\/15960\/revisions"}],"wp:attachment":[{"href":"https:\/\/www.oup.es\/es\/wp-json\/wp\/v2\/media?parent=15960"}],"curies":[{"name":"wp","href":"https:\/\/api.w.org\/{rel}","templated":true}]}}