{"id":19973,"date":"2024-07-06T12:20:35","date_gmt":"2024-07-06T10:20:35","guid":{"rendered":"https:\/\/www.oup.es\/oxfordreadingclub\/"},"modified":"2025-09-23T13:46:47","modified_gmt":"2025-09-23T11:46:47","slug":"oxfordreadingclub","status":"publish","type":"page","link":"https:\/\/www.oup.es\/es\/oxfordreadingclub\/","title":{"rendered":"Oxford Reading Club"},"content":{"rendered":"<p>&nbsp;<\/p>\n<p class=\"mb-5\" style=\"font-size: 1.4rem;\">Oxford Reading Club pone a tu disposici\u00f3n una manera inteligente de disfrutar de las <strong>lecturas digitales graduadas<\/strong>\u00a0de Oxford University Press. Practicando varias destrezas ling\u00fc\u00edsticas, los estudiantes consiguen enriquecer su\u00a0<strong>Listening, Reading, Speaking<\/strong>\u00a0and\u00a0<strong>Vocabulary<\/strong>\u00a0y mejorar su nivel de ingl\u00e9s mediante la lectura.<\/p>\n<p style=\"font-size: 1.4rem;\"><strong>Recursos gamificados y actividades para fomentar la lectura aut\u00f3noma<\/strong><\/p>\n<ul class=\"mb-5\" style=\"font-size: 1.4rem;\">\n<li style=\"list-style-type: none;\">\n<ul class=\"mb-5\" style=\"font-size: 1.4rem;\">\n<li>Ense\u00f1a a tu hijo\/hija a disfrutar leyendo.<\/li>\n<li>Gran variedad de libros para elegir.<\/li>\n<li>Aumenta su confianza y mejora su competencia lectora.<\/li>\n<\/ul>\n<\/li>\n<\/ul>\n","protected":false},"excerpt":{"rendered":"<p>&nbsp; Oxford Reading Club pone a tu disposici\u00f3n una manera inteligente de disfrutar de las lecturas digitales graduadas\u00a0de Oxford University Press. Practicando varias destrezas ling\u00fc\u00edsticas, los estudiantes consiguen enriquecer su\u00a0Listening, Reading, Speaking\u00a0and\u00a0Vocabulary\u00a0y mejorar su nivel de ingl\u00e9s mediante la lectura. Recursos gamificados y actividades para fomentar la lectura aut\u00f3noma Ense\u00f1a a tu hijo\/hija a disfrutar [&hellip;]<\/p>\n","protected":false},"author":1,"featured_media":0,"parent":0,"menu_order":0,"comment_status":"closed","ping_status":"closed","template":"page-oxfordreadingclub.php","meta":{"_acf_changed":false,"footnotes":""},"class_list":["post-19973","page","type-page","status-publish","hentry"],"acf":[],"_links":{"self":[{"href":"https:\/\/www.oup.es\/es\/wp-json\/wp\/v2\/pages\/19973","targetHints":{"allow":["GET"]}}],"collection":[{"href":"https:\/\/www.oup.es\/es\/wp-json\/wp\/v2\/pages"}],"about":[{"href":"https:\/\/www.oup.es\/es\/wp-json\/wp\/v2\/types\/page"}],"author":[{"embeddable":true,"href":"https:\/\/www.oup.es\/es\/wp-json\/wp\/v2\/users\/1"}],"replies":[{"embeddable":true,"href":"https:\/\/www.oup.es\/es\/wp-json\/wp\/v2\/comments?post=19973"}],"version-history":[{"count":0,"href":"https:\/\/www.oup.es\/es\/wp-json\/wp\/v2\/pages\/19973\/revisions"}],"wp:attachment":[{"href":"https:\/\/www.oup.es\/es\/wp-json\/wp\/v2\/media?parent=19973"}],"curies":[{"name":"wp","href":"https:\/\/api.w.org\/{rel}","templated":true}]}}