{"id":19980,"date":"2024-07-27T17:15:20","date_gmt":"2024-07-27T15:15:20","guid":{"rendered":"https:\/\/www.oup.es\/oxford-big-read\/"},"modified":"2024-11-05T00:52:26","modified_gmt":"2024-11-04T22:52:26","slug":"oxford-big-read","status":"publish","type":"page","link":"https:\/\/www.oup.es\/es\/oxford-big-read\/","title":{"rendered":"Oxford Big Read 2024"},"content":{"rendered":"<p class=\"max-w-[39.688rem] text-[1.313rem] mb-4\" style=\"text-align: left;\">Oxford Big Read es un concurso organizado por Oxford University Press para motivar a los j\u00f3venes a la lectura.<\/p>\n<p class=\"max-w-[39.688rem] text-[1.313rem] mb-4\" style=\"text-align: left;\">Participar es muy f\u00e1cil: tus estudiantes deber\u00e1n leer al menos uno de los libros de nuestro cat\u00e1logo y crear un sencillo proyecto inspirado en la lectura. Los profesores ser\u00e9is los encargados de seleccionar y presentar los proyectos.<\/p>\n<p class=\"max-w-[39.688rem] text-[1.313rem] mb-4\" style=\"text-align: left;\">Todos los proyectos ser\u00e1n calificados de manera an\u00f3nima por un panel de expertos de Oxford University Press. Los resultados ser\u00e1n anunciados con los ganadores de cada categor\u00eda.<\/p>\n<p>&nbsp;<\/p>\n<p>&nbsp;<\/p>\n<p>&nbsp;<\/p>\n<p style=\"text-align: left;\">Para m\u00e1s informaci\u00f3n, incluyendo las reglas y los criterios, puedes leer nuestras <a class=\"underline text-blue-middle\" href=\"https:\/\/online.oupe.es\/ELT\/concursos\/2024\/BASES_LEGALES_SORTEOS_Y_CONCURSOS_Big_Read_2024.pdf\">bases legales.<\/a><\/p>\n","protected":false},"excerpt":{"rendered":"<p>Oxford Big Read es un concurso organizado por Oxford University Press para motivar a los j\u00f3venes a la lectura. Participar es muy f\u00e1cil: tus estudiantes deber\u00e1n leer al menos uno de los libros de nuestro cat\u00e1logo y crear un sencillo proyecto inspirado en la lectura. Los profesores ser\u00e9is los encargados de seleccionar y presentar los [&hellip;]<\/p>\n","protected":false},"author":1,"featured_media":0,"parent":0,"menu_order":0,"comment_status":"closed","ping_status":"closed","template":"page-oxford-big-read.php","meta":{"_acf_changed":false,"footnotes":""},"class_list":["post-19980","page","type-page","status-publish","hentry"],"acf":[],"_links":{"self":[{"href":"https:\/\/www.oup.es\/es\/wp-json\/wp\/v2\/pages\/19980","targetHints":{"allow":["GET"]}}],"collection":[{"href":"https:\/\/www.oup.es\/es\/wp-json\/wp\/v2\/pages"}],"about":[{"href":"https:\/\/www.oup.es\/es\/wp-json\/wp\/v2\/types\/page"}],"author":[{"embeddable":true,"href":"https:\/\/www.oup.es\/es\/wp-json\/wp\/v2\/users\/1"}],"replies":[{"embeddable":true,"href":"https:\/\/www.oup.es\/es\/wp-json\/wp\/v2\/comments?post=19980"}],"version-history":[{"count":0,"href":"https:\/\/www.oup.es\/es\/wp-json\/wp\/v2\/pages\/19980\/revisions"}],"wp:attachment":[{"href":"https:\/\/www.oup.es\/es\/wp-json\/wp\/v2\/media?parent=19980"}],"curies":[{"name":"wp","href":"https:\/\/api.w.org\/{rel}","templated":true}]}}