{"id":20089,"date":"2024-09-03T23:42:16","date_gmt":"2024-09-03T21:42:16","guid":{"rendered":"https:\/\/www.oup.es\/getready\/"},"modified":"2026-04-28T08:13:24","modified_gmt":"2026-04-28T06:13:24","slug":"preparate","status":"publish","type":"page","link":"https:\/\/www.oup.es\/es\/preparate\/","title":{"rendered":"\u00a1Prep\u00e1rate para el examen!"},"content":{"rendered":"<p>Nuestro material de preparaci\u00f3n para el examen incluye consejos y ejercicios extra para que practiques y te sientas m\u00e1s preparado y con seguridad para el d\u00eda del examen.<\/p>\n","protected":false},"excerpt":{"rendered":"<p>Nuestro material de preparaci\u00f3n para el examen incluye consejos y ejercicios extra para que practiques y te sientas m\u00e1s preparado y con seguridad para el d\u00eda del examen.<\/p>\n","protected":false},"author":1,"featured_media":0,"parent":0,"menu_order":0,"comment_status":"closed","ping_status":"closed","template":"templates\/tmpl-getready.php","meta":{"_acf_changed":false,"footnotes":""},"class_list":["post-20089","page","type-page","status-publish","hentry"],"acf":[],"_links":{"self":[{"href":"https:\/\/www.oup.es\/es\/wp-json\/wp\/v2\/pages\/20089","targetHints":{"allow":["GET"]}}],"collection":[{"href":"https:\/\/www.oup.es\/es\/wp-json\/wp\/v2\/pages"}],"about":[{"href":"https:\/\/www.oup.es\/es\/wp-json\/wp\/v2\/types\/page"}],"author":[{"embeddable":true,"href":"https:\/\/www.oup.es\/es\/wp-json\/wp\/v2\/users\/1"}],"replies":[{"embeddable":true,"href":"https:\/\/www.oup.es\/es\/wp-json\/wp\/v2\/comments?post=20089"}],"version-history":[{"count":0,"href":"https:\/\/www.oup.es\/es\/wp-json\/wp\/v2\/pages\/20089\/revisions"}],"wp:attachment":[{"href":"https:\/\/www.oup.es\/es\/wp-json\/wp\/v2\/media?parent=20089"}],"curies":[{"name":"wp","href":"https:\/\/api.w.org\/{rel}","templated":true}]}}