{"id":21988,"date":"2025-04-03T17:40:23","date_gmt":"2025-04-03T15:40:23","guid":{"rendered":"https:\/\/www.oup.es\/?page_id=21988"},"modified":"2025-04-03T17:40:41","modified_gmt":"2025-04-03T15:40:41","slug":"aspire","status":"publish","type":"page","link":"https:\/\/www.oup.es\/es\/aspire\/","title":{"rendered":"Aspire"},"content":{"rendered":"<p class=\"max-w-[39.688rem] text-[1.313rem] mb-4\" style=\"text-align: left;\"><strong>Tu camino hacia la excelencia en el aprendizaje de ingl\u00e9s.<br \/>\nM\u00e1s confianza. M\u00e1s participaci\u00f3n. Mejores resultados.<\/strong><\/p>\n<p class=\"max-w-[39.688rem] text-[1.313rem] mb-4\" style=\"text-align: left;\"><strong><em>Aspire<\/em><\/strong> es una soluci\u00f3n Premium de formaci\u00f3n en ingl\u00e9s que desarrolla el talento de las organizaciones para comunicarse eficazmente en ingl\u00e9s.<\/p>\n<p class=\"max-w-[39.688rem] text-[1.313rem] mb-4\" style=\"text-align: left;\">Es el resultado de la uni\u00f3n de <strong>Learnlight in association with Oxford University Press.<\/strong><\/p>\n<p class=\"max-w-[39.688rem] text-[1.313rem] mb-4\" style=\"text-align: left;\"><em><strong>Aspire<\/strong><\/em> integra la experiencia de Oxford University Press en el contenido y la evaluaci\u00f3n del idioma ingl\u00e9s y la tecnolog\u00eda innovadora de Learnlight.<\/p>\n<p class=\"max-w-[39.688rem] text-[1.313rem] mb-4\" style=\"text-align: left;\">Es la alianza perfecta que combina m\u00e1s de 500 a\u00f1os de experiencia acad\u00e9mica de Oxford University Press con los m\u00e1s de 15 a\u00f1os de experiencia de Learnlight en EdTech.<\/p>\n","protected":false},"excerpt":{"rendered":"<p>Tu camino hacia la excelencia en el aprendizaje de ingl\u00e9s. M\u00e1s confianza. M\u00e1s participaci\u00f3n. Mejores resultados. Aspire es una soluci\u00f3n Premium de formaci\u00f3n en ingl\u00e9s que desarrolla el talento de las organizaciones para comunicarse eficazmente en ingl\u00e9s. Es el resultado de la uni\u00f3n de Learnlight in association with Oxford University Press. Aspire integra la experiencia [&hellip;]<\/p>\n","protected":false},"author":5,"featured_media":0,"parent":0,"menu_order":0,"comment_status":"closed","ping_status":"closed","template":"page-aspire.php","meta":{"_acf_changed":false,"footnotes":""},"class_list":["post-21988","page","type-page","status-publish","hentry"],"acf":[],"_links":{"self":[{"href":"https:\/\/www.oup.es\/es\/wp-json\/wp\/v2\/pages\/21988","targetHints":{"allow":["GET"]}}],"collection":[{"href":"https:\/\/www.oup.es\/es\/wp-json\/wp\/v2\/pages"}],"about":[{"href":"https:\/\/www.oup.es\/es\/wp-json\/wp\/v2\/types\/page"}],"author":[{"embeddable":true,"href":"https:\/\/www.oup.es\/es\/wp-json\/wp\/v2\/users\/5"}],"replies":[{"embeddable":true,"href":"https:\/\/www.oup.es\/es\/wp-json\/wp\/v2\/comments?post=21988"}],"version-history":[{"count":0,"href":"https:\/\/www.oup.es\/es\/wp-json\/wp\/v2\/pages\/21988\/revisions"}],"wp:attachment":[{"href":"https:\/\/www.oup.es\/es\/wp-json\/wp\/v2\/media?parent=21988"}],"curies":[{"name":"wp","href":"https:\/\/api.w.org\/{rel}","templated":true}]}}